{"id":883,"date":"2016-03-07T08:55:20","date_gmt":"2016-03-07T08:55:20","guid":{"rendered":"http:\/\/www.sv-marhorst.de\/?page_id=3"},"modified":"2024-12-03T06:37:49","modified_gmt":"2024-12-03T05:37:49","slug":"der-vorstand","status":"publish","type":"page","link":"http:\/\/sv-marhorst.de\/?page_id=883","title":{"rendered":"Der Vorstand"},"content":{"rendered":"<p style=\"text-align: center;\">\n<p style=\"text-align: center;\"><strong>Der gesch\u00e4ftsf\u00fchrende Vorstand<\/strong><\/p>\n<p style=\"text-align: center;\">(im Bild fehlt unser neuer Kassenwart J\u00fcrgen Brinkmann)<\/p>\n<p><img loading=\"lazy\" decoding=\"async\" class=\"alignnone size-thumbnail wp-image-3132\" src=\"http:\/\/sv-marhorst.de\/wp-content\/uploads\/2019\/07\/DSC_7241-e1567585157138-150x150.jpg\" alt=\"\" width=\"150\" height=\"150\" srcset=\"http:\/\/sv-marhorst.de\/wp-content\/uploads\/2019\/07\/DSC_7241-e1567585157138-150x150.jpg 150w, http:\/\/sv-marhorst.de\/wp-content\/uploads\/2019\/07\/DSC_7241-e1567585157138-1x1.jpg 1w\" sizes=\"auto, (max-width: 150px) 100vw, 150px\" \/><\/p>\n<p><strong><u>1. Vorsitzender<\/u><\/strong>:<\/p>\n<p>Peter Tegeler<\/p>\n<p>Tel.: 0 42 43\/94 19 34<\/p>\n<p>e-mail: <a href=\"mailto:peter.tegeler@gmx.de\">peter.tegeler@gmx.de<\/a><\/p>\n<p><img loading=\"lazy\" decoding=\"async\" class=\"alignnone size-thumbnail wp-image-3203\" src=\"http:\/\/sv-marhorst.de\/wp-content\/uploads\/2019\/07\/Eckhard-B-148x150.png\" alt=\"\" width=\"148\" height=\"150\" srcset=\"http:\/\/sv-marhorst.de\/wp-content\/uploads\/2019\/07\/Eckhard-B-148x150.png 148w, http:\/\/sv-marhorst.de\/wp-content\/uploads\/2019\/07\/Eckhard-B-1x1.png 1w\" sizes=\"auto, (max-width: 148px) 100vw, 148px\" \/><\/p>\n<p><strong><u>2. Vorsitzender:<\/u><\/strong><\/p>\n<p>Eckhard Brinkmann<\/p>\n<p>Tel.: 0 42 43\/25 94<\/p>\n<p>e-mail: <a href=\"mailto:brinkmann-eckhard@t-online.de\">brinkmann-eckhard@t-online.de<\/a><\/p>\n<p><strong><u>Kassenwart:<\/u><\/strong> J\u00fcrgen Brinkmann<\/p>\n<p>Tel.: 04243 4747<\/p>\n<p>Mobil: 0172 4193923<\/p>\n<p><strong><u>Schriftf\u00fchrerin:<\/u><\/strong> Karin Brinkmann<\/p>\n<p>e-mail: <a href=\"mailto:katharina.brinkmann@ewetel.net\">katharina.brinkmann@ewetel.net<\/a><\/p>\n<p><img loading=\"lazy\" decoding=\"async\" class=\"alignnone size-thumbnail wp-image-3002\" src=\"http:\/\/sv-marhorst.de\/wp-content\/uploads\/2018\/10\/IMG_5356-150x150.jpg\" alt=\"\" width=\"150\" height=\"150\" srcset=\"http:\/\/sv-marhorst.de\/wp-content\/uploads\/2018\/10\/IMG_5356-150x150.jpg 150w, http:\/\/sv-marhorst.de\/wp-content\/uploads\/2018\/10\/IMG_5356-1x1.jpg 1w\" sizes=\"auto, (max-width: 150px) 100vw, 150px\" \/><\/p>\n","protected":false},"excerpt":{"rendered":"<p>Der gesch\u00e4ftsf\u00fchrende Vorstand (im Bild fehlt unser neuer Kassenwart J\u00fcrgen Brinkmann) 1. Vorsitzender: Peter Tegeler Tel.: 0 42 43\/94 19 34 e-mail: peter.tegeler@gmx.de 2. Vorsitzender: Eckhard Brinkmann Tel.: 0 42 [&hellip;]<\/p>\n","protected":false},"author":1,"featured_media":0,"parent":0,"menu_order":1,"comment_status":"closed","ping_status":"closed","template":"","meta":{"footnotes":""},"class_list":["post-883","page","type-page","status-publish","hentry"],"_links":{"self":[{"href":"http:\/\/sv-marhorst.de\/index.php?rest_route=\/wp\/v2\/pages\/883","targetHints":{"allow":["GET"]}}],"collection":[{"href":"http:\/\/sv-marhorst.de\/index.php?rest_route=\/wp\/v2\/pages"}],"about":[{"href":"http:\/\/sv-marhorst.de\/index.php?rest_route=\/wp\/v2\/types\/page"}],"author":[{"embeddable":true,"href":"http:\/\/sv-marhorst.de\/index.php?rest_route=\/wp\/v2\/users\/1"}],"replies":[{"embeddable":true,"href":"http:\/\/sv-marhorst.de\/index.php?rest_route=%2Fwp%2Fv2%2Fcomments&post=883"}],"version-history":[{"count":5,"href":"http:\/\/sv-marhorst.de\/index.php?rest_route=\/wp\/v2\/pages\/883\/revisions"}],"predecessor-version":[{"id":4063,"href":"http:\/\/sv-marhorst.de\/index.php?rest_route=\/wp\/v2\/pages\/883\/revisions\/4063"}],"wp:attachment":[{"href":"http:\/\/sv-marhorst.de\/index.php?rest_route=%2Fwp%2Fv2%2Fmedia&parent=883"}],"curies":[{"name":"wp","href":"https:\/\/api.w.org\/{rel}","templated":true}]}}