{"id":4038,"date":"2024-10-25T06:35:29","date_gmt":"2024-10-25T05:35:29","guid":{"rendered":"https:\/\/sv-marhorst.de\/?page_id=4038"},"modified":"2024-10-28T10:16:44","modified_gmt":"2024-10-28T09:16:44","slug":"b-juniorinnen","status":"publish","type":"page","link":"http:\/\/sv-marhorst.de\/?page_id=4038","title":{"rendered":"B-Juniorinnen"},"content":{"rendered":"\n<p>Trainerin:<\/p>\n\n\n\n<figure class=\"wp-block-image size-thumbnail\"><img loading=\"lazy\" decoding=\"async\" width=\"150\" height=\"150\" src=\"https:\/\/sv-marhorst.de\/wp-content\/uploads\/2024\/10\/c817d4b5-1fda-4cb7-a306-6f9011560090-150x150.jpg\" alt=\"\" class=\"wp-image-4048\" srcset=\"http:\/\/sv-marhorst.de\/wp-content\/uploads\/2024\/10\/c817d4b5-1fda-4cb7-a306-6f9011560090-150x150.jpg 150w, http:\/\/sv-marhorst.de\/wp-content\/uploads\/2024\/10\/c817d4b5-1fda-4cb7-a306-6f9011560090-1x1.jpg 1w\" sizes=\"auto, (max-width: 150px) 100vw, 150px\" \/><\/figure>\n\n\n\n<p>Yvonne Sander &#8211; Mobil: 0152 53229619 &#8211; email: <a href=\"mailto:yvonne.berensen@web.de\">yvonne.berensen@web.de<\/a><\/p>\n\n\n\n<p><strong>Trainingszeiten<\/strong><\/p>\n\n\n\n<p>jeden Mittwoch 18:30 Uhr bis 20:00 Uhr<\/p>\n\n\n\n<hr class=\"wp-block-separator has-alpha-channel-opacity\"\/>\n\n\n\n<p>&#8222;Du liebst Fu\u00dfball und willst Teil eines starken Teams werden? Dann komm zu unseren B-Juniorinnen! Gemeinsam k\u00e4mpfen, siegen und jede Menge Spa\u00df haben \u2013 sei dabei und wachse mit uns \u00fcber dich hinaus!&#8220; &#x26bd;&#x1f31f;<\/p>\n\n\n\n<hr class=\"wp-block-separator has-alpha-channel-opacity\"\/>\n\n\n\n<figure class=\"wp-block-image size-large\"><img loading=\"lazy\" decoding=\"async\" width=\"1024\" height=\"577\" src=\"https:\/\/sv-marhorst.de\/wp-content\/uploads\/2024\/10\/3c655a37-4034-4bf6-bbf5-782c533b7293-1024x577.jpg\" alt=\"\" class=\"wp-image-4039\" srcset=\"http:\/\/sv-marhorst.de\/wp-content\/uploads\/2024\/10\/3c655a37-4034-4bf6-bbf5-782c533b7293-1024x577.jpg 1024w, http:\/\/sv-marhorst.de\/wp-content\/uploads\/2024\/10\/3c655a37-4034-4bf6-bbf5-782c533b7293-300x169.jpg 300w, http:\/\/sv-marhorst.de\/wp-content\/uploads\/2024\/10\/3c655a37-4034-4bf6-bbf5-782c533b7293-768x432.jpg 768w, http:\/\/sv-marhorst.de\/wp-content\/uploads\/2024\/10\/3c655a37-4034-4bf6-bbf5-782c533b7293-1536x865.jpg 1536w, http:\/\/sv-marhorst.de\/wp-content\/uploads\/2024\/10\/3c655a37-4034-4bf6-bbf5-782c533b7293-2x1.jpg 2w, http:\/\/sv-marhorst.de\/wp-content\/uploads\/2024\/10\/3c655a37-4034-4bf6-bbf5-782c533b7293-700x394.jpg 700w, http:\/\/sv-marhorst.de\/wp-content\/uploads\/2024\/10\/3c655a37-4034-4bf6-bbf5-782c533b7293.jpg 1600w\" sizes=\"auto, (max-width: 1024px) 100vw, 1024px\" \/><\/figure>\n\n\n\n<p>Von links nach rechts:<\/p>\n\n\n\n<p>Janika Weber, Catharina J\u00fcrgens, Gesa Hoffmann, Johanna Mattheis, Beatrice Biraite, Hanna Meyer, Lucy Winter, Lina Sander und Kimberley Sorichter<\/p>\n","protected":false},"excerpt":{"rendered":"<p>Trainerin: Yvonne Sander &#8211; Mobil: 0152 53229619 &#8211; email: yvonne.berensen@web.de Trainingszeiten jeden Mittwoch 18:30 Uhr bis 20:00 Uhr &#8222;Du liebst Fu\u00dfball und willst Teil eines starken Teams werden? Dann komm [&hellip;]<\/p>\n","protected":false},"author":1,"featured_media":0,"parent":114,"menu_order":0,"comment_status":"closed","ping_status":"closed","template":"","meta":{"footnotes":""},"class_list":["post-4038","page","type-page","status-publish","hentry"],"_links":{"self":[{"href":"http:\/\/sv-marhorst.de\/index.php?rest_route=\/wp\/v2\/pages\/4038","targetHints":{"allow":["GET"]}}],"collection":[{"href":"http:\/\/sv-marhorst.de\/index.php?rest_route=\/wp\/v2\/pages"}],"about":[{"href":"http:\/\/sv-marhorst.de\/index.php?rest_route=\/wp\/v2\/types\/page"}],"author":[{"embeddable":true,"href":"http:\/\/sv-marhorst.de\/index.php?rest_route=\/wp\/v2\/users\/1"}],"replies":[{"embeddable":true,"href":"http:\/\/sv-marhorst.de\/index.php?rest_route=%2Fwp%2Fv2%2Fcomments&post=4038"}],"version-history":[{"count":4,"href":"http:\/\/sv-marhorst.de\/index.php?rest_route=\/wp\/v2\/pages\/4038\/revisions"}],"predecessor-version":[{"id":4055,"href":"http:\/\/sv-marhorst.de\/index.php?rest_route=\/wp\/v2\/pages\/4038\/revisions\/4055"}],"up":[{"embeddable":true,"href":"http:\/\/sv-marhorst.de\/index.php?rest_route=\/wp\/v2\/pages\/114"}],"wp:attachment":[{"href":"http:\/\/sv-marhorst.de\/index.php?rest_route=%2Fwp%2Fv2%2Fmedia&parent=4038"}],"curies":[{"name":"wp","href":"https:\/\/api.w.org\/{rel}","templated":true}]}}