{"id":26,"date":"2012-03-03T15:22:38","date_gmt":"2012-03-03T15:22:38","guid":{"rendered":"http:\/\/www.sv-marhorst.de\/?page_id=26"},"modified":"2020-10-13T14:24:01","modified_gmt":"2020-10-13T14:24:01","slug":"schiedsrichter","status":"publish","type":"page","link":"http:\/\/sv-marhorst.de\/?page_id=26","title":{"rendered":"Schiedsrichter"},"content":{"rendered":"<p><u><em><strong><span style=\"font-size: 14px;\">Unsere Schiedsrichter sind<\/span><\/strong><\/em><\/u><\/p>\n<p><img loading=\"lazy\" decoding=\"async\" class=\"alignnone size-full wp-image-3548\" src=\"http:\/\/sv-marhorst.de\/wp-content\/uploads\/2020\/10\/SVM-Schiris-1-e1602598942558.png\" alt=\"\" width=\"1301\" height=\"837\" srcset=\"http:\/\/sv-marhorst.de\/wp-content\/uploads\/2020\/10\/SVM-Schiris-1-e1602598942558.png 1301w, http:\/\/sv-marhorst.de\/wp-content\/uploads\/2020\/10\/SVM-Schiris-1-e1602598942558-300x193.png 300w, http:\/\/sv-marhorst.de\/wp-content\/uploads\/2020\/10\/SVM-Schiris-1-e1602598942558-1024x659.png 1024w, http:\/\/sv-marhorst.de\/wp-content\/uploads\/2020\/10\/SVM-Schiris-1-e1602598942558-768x494.png 768w, http:\/\/sv-marhorst.de\/wp-content\/uploads\/2020\/10\/SVM-Schiris-1-e1602598942558-2x1.png 2w\" sizes=\"auto, (max-width: 1301px) 100vw, 1301px\" \/><\/p>\n<p>\u00a0<\/p>\n\n\n<div class=\"wp-block-file\"><a href=\"http:\/\/sv-marhorst.de\/wp-content\/uploads\/2020\/10\/SVM-Schiris.pdf\">SVM-Schiris<\/a><a href=\"http:\/\/sv-marhorst.de\/wp-content\/uploads\/2020\/10\/SVM-Schiris.pdf\" class=\"wp-block-file__button\" download>Herunterladen<\/a><\/div>\n\n\n\n<p style=\"font-size:29px\"><strong>Brief des DFB Pr\u00e4sidenten an alle Schiedsrichter in Deutschland<\/strong><\/p>\n\n\n\n<p>Liebe Schiedsrichterinnen und Schiedsrichter,<\/p>\n\n\n\n<p>stellvertretend f\u00fcr den gesamten Deutschen Fu\u00dfball-Bund zun\u00e4chst ein erneutes, ein gro\u00dfes Dankesch\u00f6n an Sie, Euch alle. F\u00fcr Ihren Einsatz, der so grundlegend ist f\u00fcr unseren Sport. Die Formel ist simpel: ohne Schiedsrichter und Schiedsrichterinnen kein Fu\u00dfball. Mit Ihrem Engagement erm\u00f6glichen Sie es erst, dass andere gemeinsam die Freude und den Spa\u00df am Fu\u00dfball erleben k\u00f6nnen. Vom Nachwuchsbereich \u00fcber die Aktiven-Mannschaften bis hin zu den \u00dc-Teams, von der Kreisklasse bis in die Bundesliga. 80.000 Spiele werden deutschlandweit Woche f\u00fcr Woche angepfiffen, 80.000 Mal durch einen Schiedsrichter, eine Schiedsrichterin. Wir wissen ganz genau: Ohne Sie, ohne Euch geht es nicht!<\/p>\n\n\n\n<p>In einer Zeit, in der sich das gesamtgesellschaftliche Problem der offenen Respektlosigkeiten gegen Ordnungsinstanzen leider immer mehr auch auf den Fu\u00dfballfeldern unserer Nation wiederfindet, wollen wir Ihnen noch einmal ausdr\u00fccklich unsere Solidarit\u00e4t bekunden und unsere Unterst\u00fctzung zusichern. Die zahlreichen Gewalttaten, Respektlosigkeiten und \u00dcbergriffe gegen Schiedsrichter auf den Amateurpl\u00e4tzen schockieren auch uns, wir sind best\u00fcrzt, fassungslos und betroffen. Jeder Vorfall ist einer zu viel, jede Form von Gewalt ist nicht akzeptabel. Angriffe auf den Schiedsrichter sind Angriffe auf den Fu\u00dfball. Und das muss, da gibt es keine zwei Meinungen, aufh\u00f6ren!<\/p>\n\n\n\n<p>Wir wollen nichts dramatisieren, aber eben auch nichts besch\u00f6nigen. Die Zunahme an Gewalt und an Gewaltintensit\u00e4t \u2013 insbesondere gegen\u00fcber Ordnungsinstanzen \u2013 ist ein gesamtgesellschaftliches Problem. Das hei\u00dft aber nicht, dass wir uns wegducken und die Verantwortung an die Politik weiterreichen wollen. Wir als Fu\u00dfball sind gefragt. Wir alle m\u00fcssen alles tun, um unsere Schiedsrichterinnen und Schiedsrichter zu sch\u00fctzen. Wir als Dachverband werden die Landesverb\u00e4nde und die Schiedsrichter<em>&#8211;<\/em>Aussch\u00fcsse uneingeschr\u00e4nkt bei allem unterst\u00fctzen, was dazu dient, dass m\u00f6glichst alle Fu\u00dfballspiele in Deutschland wieder gewaltfrei stattfinden. Unser gemeinsames Ziel ist es, dass sich die Schiedsrichterinnen und Schiedsrichter wieder sicherer f\u00fchlen k\u00f6nnen.&nbsp;<\/p>\n\n\n\n<p>F\u00fcr uns hei\u00dft das, dass wir gemeinsam mit den Landesverb\u00e4nden die Ursachen analysieren m\u00fcssen, damit in unseren Landesverb\u00e4nden schnell und unb\u00fcrokratisch gehandelt werden kann. In den Landesverb\u00e4nden gibt es nicht erst seit gestern viele Initiativen zur Reduzierung der Gewalt und zum Schutz der Schiedsrichterinnen und Schiedsrichter. Hier gilt es, zu erheben, welche Ma\u00dfnahmen besonders wirkungsvoll und schnell umzusetzen sind und welche nur geringen oder keinen Effekt haben. Und selbstverst\u00e4ndlich sind Straft\u00e4ter konsequent im Rahmen der Sportgerichtsbarkeit zu bestrafen.&nbsp;<\/p>\n\n\n\n<p>Liebe Schiedsrichterinnen und Schiedsrichter, wir versichern Ihnen: Wir lassen Sie nicht allein!&nbsp;<\/p>\n\n\n\n<p>Der Fu\u00dfball kann nicht alle Probleme unserer Gesellschaft l\u00f6sen. Gefragt ist nicht nur die Sportgerichtsbarkeit, sondern vor allem Polizei, Justiz und auch die Politik. Fu\u00dfballpl\u00e4tze sind keine rechtsfreien R\u00e4ume. Angriffe auf Schiedsrichterinnen und Schiedsrichter sind Delikte gegen die k\u00f6rperliche Unversehrtheit und als solche auch nach den Paragrafen des Strafgesetzbuches zu ahnden. Unser Appell geht daher auch in diese Richtung: Von den Staatsanwaltschaften und der Polizei w\u00fcnschen wir uns mitunter einen gr\u00f6\u00dferen Ermittlungseifer, wenn es um Straftaten auf dem Fu\u00dfballplatz geht.<\/p>\n\n\n\n<p>Fu\u00dfball ist die sch\u00f6nste Nebensache der Welt \u2013 auch f\u00fcr Schiedsrichterinnen und Schiedsrichter. Es ist ein unertr\u00e4glicher Zustand, dass zahlreiche Unparteiische in Deutschland mit einem Gef\u00fchl der Angst zu Fu\u00dfballspielen fahren und froh sind, bestimmte Spiele hinter sich zu haben. Genau wie die Spieler sollten auch die Referees mit einem Gef\u00fchl der Vorfreude den Eins\u00e4tzen entgegenfiebern. Es macht Spa\u00df, Spiele zu leiten, es macht Spa\u00df, Entscheidungen zu treffen, es macht Spa\u00df, auf dem Platz zu stehen und mit vielen verschiedenen Pers\u00f6nlichkeiten umzugehen.&nbsp;<\/p>\n\n\n\n<p>Es macht Spa\u00df, Schiedsrichter zu sein. Und zum Gl\u00fcck, liebe Schiedsrichterinnen und Schiedsrichter, empfinden Sie das genauso. Unsere Wertsch\u00e4tzung f\u00fcr das, was Sie unserem Sport geben, k\u00f6nnte nicht gr\u00f6\u00dfer sein. Wir sind stolz auf unsere Schiedsrichterinnen und Schiedsrichter! Und Sie k\u00f6nnen stolz sein! Es ist eine anspruchsvolle Aufgabe, ein Spiel in die richtigen Bahnen zu leiten, Kompetenz und Fingerspitzengef\u00fchl sind gefragt, Empathie und Willensst\u00e4rke. Und Sie machen das gro\u00dfartig!&nbsp;<\/p>\n\n\n\n<p>Es w\u00e4re fatal, wenn die schlimmen Vorf\u00e4lle der vergangenen Wochen dazu f\u00fchren w\u00fcrden, dass Sie die Begeisterung f\u00fcr die Schiedsrichterei verlieren. Wir w\u00fcnschen uns, dass Sie Ihrem Hobby weiter mit gro\u00dfer Freude nachgehen und dass Sie andere mit Ihrer Leidenschaft anstecken.&nbsp;<\/p>\n\n\n\n<p>Vielen Dank f\u00fcr alles, was Sie f\u00fcr den Fu\u00dfball in Deutschland leisten!<\/p>\n\n\n\n<p><strong>Fritz Keller\u00a0\u00a0\u00a0\u00a0\u00a0\u00a0\u00a0\u00a0\u00a0\u00a0\u00a0\u00a0\u00a0\u00a0\u00a0\u00a0\u00a0\u00a0\u00a0\u00a0\u00a0\u00a0\u00a0\u00a0\u00a0\u00a0\u00a0\u00a0\u00a0\u00a0\u00a0\u00a0\u00a0\u00a0\u00a0\u00a0\u00a0\u00a0\u00a0\u00a0\u00a0\u00a0\u00a0\u00a0\u00a0\u00a0\u00a0\u00a0\u00a0\u00a0\u00a0\u00a0\u00a0\u00a0\u00a0\u00a0\u00a0\u00a0\u00a0\u00a0\u00a0\u00a0Dr. Rainer Koch\u00a0\u00a0\u00a0\u00a0\u00a0\u00a0\u00a0\u00a0\u00a0\u00a0\u00a0\u00a0\u00a0\u00a0\u00a0\u00a0\u00a0\u00a0\u00a0\u00a0\u00a0\u00a0\u00a0\u00a0\u00a0\u00a0\u00a0\u00a0\u00a0\u00a0\u00a0\u00a0\u00a0\u00a0\u00a0\u00a0\u00a0\u00a0\u00a0\u00a0\u00a0\u00a0\u00a0<\/strong><\/p>\n\n\n\n<p>Pr\u00e4sident&nbsp;&nbsp;&nbsp;&nbsp;&nbsp;&nbsp;&nbsp;&nbsp;&nbsp;&nbsp;&nbsp;&nbsp;&nbsp;&nbsp;&nbsp;&nbsp;&nbsp;&nbsp;&nbsp;&nbsp;&nbsp;&nbsp;&nbsp;&nbsp;&nbsp;&nbsp;&nbsp;&nbsp;&nbsp;&nbsp;&nbsp;&nbsp;&nbsp;&nbsp;&nbsp;&nbsp;&nbsp;&nbsp;&nbsp;&nbsp;&nbsp;&nbsp;&nbsp;&nbsp;&nbsp;&nbsp;&nbsp;&nbsp;&nbsp;&nbsp;&nbsp;&nbsp;&nbsp;&nbsp;&nbsp;&nbsp;&nbsp;&nbsp;&nbsp;&nbsp;&nbsp;&nbsp;&nbsp;&nbsp;&nbsp;&nbsp;&nbsp; 1. Vizepr\u00e4sident&nbsp;&nbsp;&nbsp;&nbsp;&nbsp;&nbsp;&nbsp;&nbsp;&nbsp;&nbsp;&nbsp;&nbsp;&nbsp;&nbsp;&nbsp;&nbsp;&nbsp;&nbsp;&nbsp;&nbsp;<\/p>\n\n\n\n<p><strong>Ronny Zimmermann&nbsp;&nbsp;<\/strong>&nbsp;&nbsp;&nbsp;&nbsp;&nbsp;&nbsp;&nbsp;&nbsp;&nbsp;&nbsp;&nbsp;&nbsp;&nbsp;&nbsp;&nbsp;&nbsp;&nbsp;&nbsp;&nbsp;&nbsp;&nbsp;&nbsp;&nbsp;&nbsp;&nbsp;&nbsp;&nbsp;&nbsp;&nbsp;&nbsp;&nbsp;&nbsp;&nbsp;&nbsp;&nbsp;&nbsp;&nbsp;&nbsp;&nbsp;&nbsp;&nbsp;&nbsp;&nbsp;<strong>Dr. Friedrich Curtius<\/strong><\/p>\n\n\n\n<p>Vizepr\u00e4sident Schiedsrichter&nbsp;&nbsp;&nbsp;&nbsp;&nbsp;&nbsp;&nbsp;&nbsp;&nbsp;&nbsp;&nbsp;&nbsp;&nbsp;&nbsp;&nbsp;&nbsp;&nbsp;&nbsp;&nbsp;&nbsp;&nbsp;&nbsp;&nbsp;&nbsp;&nbsp;&nbsp;&nbsp;&nbsp;&nbsp;&nbsp;&nbsp;&nbsp;&nbsp;Generalsekret\u00e4r<\/p>\n","protected":false},"excerpt":{"rendered":"<p>Unsere Schiedsrichter sind \u00a0 Brief des DFB Pr\u00e4sidenten an alle Schiedsrichter in Deutschland Liebe Schiedsrichterinnen und Schiedsrichter, stellvertretend f\u00fcr den gesamten Deutschen Fu\u00dfball-Bund zun\u00e4chst ein erneutes, ein gro\u00dfes Dankesch\u00f6n an [&hellip;]<\/p>\n","protected":false},"author":1,"featured_media":0,"parent":44,"menu_order":5,"comment_status":"closed","ping_status":"closed","template":"","meta":{"footnotes":""},"class_list":["post-26","page","type-page","status-publish","hentry"],"_links":{"self":[{"href":"http:\/\/sv-marhorst.de\/index.php?rest_route=\/wp\/v2\/pages\/26","targetHints":{"allow":["GET"]}}],"collection":[{"href":"http:\/\/sv-marhorst.de\/index.php?rest_route=\/wp\/v2\/pages"}],"about":[{"href":"http:\/\/sv-marhorst.de\/index.php?rest_route=\/wp\/v2\/types\/page"}],"author":[{"embeddable":true,"href":"http:\/\/sv-marhorst.de\/index.php?rest_route=\/wp\/v2\/users\/1"}],"replies":[{"embeddable":true,"href":"http:\/\/sv-marhorst.de\/index.php?rest_route=%2Fwp%2Fv2%2Fcomments&post=26"}],"version-history":[{"count":12,"href":"http:\/\/sv-marhorst.de\/index.php?rest_route=\/wp\/v2\/pages\/26\/revisions"}],"predecessor-version":[{"id":3550,"href":"http:\/\/sv-marhorst.de\/index.php?rest_route=\/wp\/v2\/pages\/26\/revisions\/3550"}],"up":[{"embeddable":true,"href":"http:\/\/sv-marhorst.de\/index.php?rest_route=\/wp\/v2\/pages\/44"}],"wp:attachment":[{"href":"http:\/\/sv-marhorst.de\/index.php?rest_route=%2Fwp%2Fv2%2Fmedia&parent=26"}],"curies":[{"name":"wp","href":"https:\/\/api.w.org\/{rel}","templated":true}]}}