{"id":25,"date":"2012-03-03T15:12:57","date_gmt":"2012-03-03T15:12:57","guid":{"rendered":"http:\/\/www.sv-marhorst.de\/?page_id=25"},"modified":"2019-07-12T10:10:57","modified_gmt":"2019-07-12T10:10:57","slug":"impressum","status":"publish","type":"page","link":"http:\/\/sv-marhorst.de\/?page_id=25","title":{"rendered":"Impressum\/Kontakt"},"content":{"rendered":"<p><strong>Impressum<\/strong><\/p>\n<p><strong>Betreiber dieser Website ist:<\/strong><\/p>\n<p>SV Marhorst e.V.<br \/>\nMarienstra\u00dfe 36<\/p>\n<p>27239 Twistringen<\/p>\n<p><strong>Vertreten durch den 1. Vorsitzenden:<\/strong><\/p>\n<p>Peter Tegeler<\/p>\n<table style=\"width: 294px; height: 165px;\" border=\"1\" cellspacing=\"1\" cellpadding=\"1\">\n<caption><span style=\"font-size: 14px;\"><u><strong>Kontaktdaten:<\/strong><\/u><\/span><\/caption>\n<tbody>\n<tr>\n<td style=\"text-align: center;\"><strong>Adresse:<\/strong><\/td>\n<td>\n<p style=\"text-align: center;\">SV Marhorst e.V.<\/p>\n<p style=\"text-align: center;\">Peter Tegeler<\/p>\n<p style=\"text-align: center;\">Zu den Linden 5<\/p>\n<p style=\"text-align: center;\">27239 Twistringen<\/p>\n<\/td>\n<\/tr>\n<tr>\n<td style=\"text-align: center;\"><strong>Telefon: <\/strong><\/td>\n<td style=\"text-align: center;\">0172 6295396<\/td>\n<\/tr>\n<tr>\n<td style=\"text-align: center;\"><strong>Email:<\/strong><\/td>\n<td style=\"text-align: center;\"><a href=\"mailto:Peter.Tegeler@gmx.de\">info@sv-marhorst.de<\/a><\/td>\n<\/tr>\n<\/tbody>\n<\/table>\n<p>&nbsp;<\/p>\n<p><strong>Verantwortlich f\u00fcr den Inhalt nach \u00a7 55 Abs. 2 RStV:<\/strong><\/p>\n<p>Christian Masurenko<strong><br \/>\n<\/strong><\/p>\n<p><strong>Haftungsausschluss<\/strong><\/p>\n<p>1. Inhalt des Onlineangebotes<\/p>\n<p>Der SV Marhorst \u00fcbernimmt keinerlei Gew\u00e4hr f\u00fcr die Aktualit\u00e4t, Korrektheit, Vollst\u00e4ndigkeit oder Qualit\u00e4t der bereitgestellten Informationen. Haftungsanspr\u00fcche gegen den SV Marhorst, welche sich auf Sch\u00e4den materieller oder ideeller Art beziehen, die durch die Nutzung oder Nichtnutzung der dargebotenen Informationen bzw. durch die Nutzung fehlerhafter und unvollst\u00e4ndiger Informationen verursacht wurden, sind grunds\u00e4tzlich ausgeschlossen. Alle Angebote sind freibleibend und unverbindlich.<\/p>\n<h2>2. Verweise und Links<\/h2>\n<p>Bei direkten oder indirekten Verweisen auf fremde Webseiten (\u201eHyperlinks\u201c), die au\u00dferhalb des Verantwortungsbereiches des SV Marhorst liegen, \u00fcbernimmt der SV Marhorst keinerlei Haftungsverpflichtung und zwar auch dann nicht, wenn dem SV Marhorst nachgewiesen werden kann, dass er von den Inhalten Kenntnis h\u00e4tte haben k\u00f6nnen.<\/p>\n<p>Der SV Marhorst erkl\u00e4rt hiermit ausdr\u00fccklich, dass zum Zeitpunkt der Linksetzung keine illegalen Inhalte auf den zu verlinkenden Seiten erkennbar waren. Auf die aktuelle und zuk\u00fcnftige Gestaltung, die Inhalte oder die Urheberschaft der verlinkten\/verkn\u00fcpften Seiten hat der SV Marhorst keinerlei Einfluss. Eine permanente inhaltliche Kontrolle der verlinkten Seiten ist jedoch ohne konkrete Anhaltspunkte einer Rechtsverletzung nicht zumutbar. Bei Bekanntwerden von Rechtsverletzungen werden wir derartige Links umgehend entfernen.<\/p>\n<p>F\u00fcr illegale, fehlerhafte oder unvollst\u00e4ndige Inhalte und insbesondere f\u00fcr Sch\u00e4den, die aus der Nutzung oder Nichtnutzung solcherart dargebotener Informationen entstehen, haftet allein der Anbieter der Seite, auf welche verwiesen wurde, nicht derjenige, der \u00fcber Links auf die jeweilige Ver\u00f6ffentlichung lediglich verweist.<\/p>\n<h2>4. Rechtswirksamkeit dieses Haftungsausschlusses<\/h2>\n<p>Dieser Haftungsausschluss ist als Teil des Internetangebotes zu betrachten. Sofern Teile oder einzelne Formulierungen dieses Textes der geltenden Rechtslage nicht, nicht mehr oder nicht vollst\u00e4ndig entsprechen sollten, bleiben die \u00fcbrigen Teile des Dokumentes in ihrem Inhalt und ihrer G\u00fcltigkeit davon unber\u00fchrt.<\/p>\n<h2>5. Hinweis Alternative Streitbeilegung<\/h2>\n<p>Die EU-Kommission stellt (ab dem 15. Februar 2016) eine Plattform zur Online-Streitbeilegung bereit. Diese Plattform ist unter\u00a0<a href=\"http:\/\/ec.europa.eu\/consumers\/odr\/\">http:\/\/ec.europa.eu\/consumers\/odr\/<\/a>erreichbar.<\/p>\n<p>Der SV Marhorst nimmt nicht an Streitbeilegungsverfahren vor einer Verbraucherschlichtungsstelle teil.<strong><br \/>\n<\/strong><\/p>\n<p>&nbsp;<\/p>\n","protected":false},"excerpt":{"rendered":"<p>Impressum Betreiber dieser Website ist: SV Marhorst e.V. Marienstra\u00dfe 36 27239 Twistringen Vertreten durch den 1. Vorsitzenden: Peter Tegeler Kontaktdaten: Adresse: SV Marhorst e.V. Peter Tegeler Zu den Linden 5 [&hellip;]<\/p>\n","protected":false},"author":1,"featured_media":0,"parent":0,"menu_order":8,"comment_status":"closed","ping_status":"closed","template":"","meta":{"footnotes":""},"class_list":["post-25","page","type-page","status-publish","hentry"],"_links":{"self":[{"href":"http:\/\/sv-marhorst.de\/index.php?rest_route=\/wp\/v2\/pages\/25","targetHints":{"allow":["GET"]}}],"collection":[{"href":"http:\/\/sv-marhorst.de\/index.php?rest_route=\/wp\/v2\/pages"}],"about":[{"href":"http:\/\/sv-marhorst.de\/index.php?rest_route=\/wp\/v2\/types\/page"}],"author":[{"embeddable":true,"href":"http:\/\/sv-marhorst.de\/index.php?rest_route=\/wp\/v2\/users\/1"}],"replies":[{"embeddable":true,"href":"http:\/\/sv-marhorst.de\/index.php?rest_route=%2Fwp%2Fv2%2Fcomments&post=25"}],"version-history":[{"count":3,"href":"http:\/\/sv-marhorst.de\/index.php?rest_route=\/wp\/v2\/pages\/25\/revisions"}],"predecessor-version":[{"id":2966,"href":"http:\/\/sv-marhorst.de\/index.php?rest_route=\/wp\/v2\/pages\/25\/revisions\/2966"}],"wp:attachment":[{"href":"http:\/\/sv-marhorst.de\/index.php?rest_route=%2Fwp%2Fv2%2Fmedia&parent=25"}],"curies":[{"name":"wp","href":"https:\/\/api.w.org\/{rel}","templated":true}]}}