{"id":24,"date":"2015-10-11T11:12:32","date_gmt":"2015-10-11T11:12:32","guid":{"rendered":"http:\/\/www.sv-marhorst.de\/?page_id=24"},"modified":"2026-02-18T17:06:47","modified_gmt":"2026-02-18T16:06:47","slug":"g-junioren","status":"publish","type":"page","link":"http:\/\/sv-marhorst.de\/?page_id=24","title":{"rendered":"G-Junioren"},"content":{"rendered":"\n<h2 class=\"wp-block-heading\">\u00a0Betreuer der G-Jugend:<\/h2>\n\n\n\n<p>J\u00f6rg Sch\u00fctte<\/p>\n\n\n\n<p>Mobil: 0162 8729052<\/p>\n\n\n\n<p>email: J\u00f6rg.schuette@gmx.net<\/p>\n\n\n\n<figure class=\"wp-block-table\"><table class=\"has-fixed-layout\"><tbody><tr><th rowspan=\"3\">Foto<\/th><td>2. Yvonne Sander<\/td><\/tr><tr><td>Mobil: 0152 53229619<\/td><\/tr><\/tbody><\/table><\/figure>\n\n\n\n<p>Te.: 04243 5099515email: <a href=\"mailto:yvonne.berensen@web.de\">yvonne.berensen@web.de<\/a><\/p>\n\n\n\n<p>Die Trainingszeiten sind: (au\u00dferhalb der Hallensaison)<\/p>\n\n\n\n<p><strong>Freitag von&nbsp;17:00&nbsp;Uhr -18:00 Uhr<\/strong><\/p>\n","protected":false},"excerpt":{"rendered":"<p>\u00a0Betreuer der G-Jugend: J\u00f6rg Sch\u00fctte Mobil: 0162 8729052 email: J\u00f6rg.schuette@gmx.net Foto 2. Yvonne Sander Mobil: 0152 53229619 Te.: 04243 5099515email: yvonne.berensen@web.de Die Trainingszeiten sind: (au\u00dferhalb der Hallensaison) Freitag von&nbsp;17:00&nbsp;Uhr -18:00 [&hellip;]<\/p>\n","protected":false},"author":1,"featured_media":0,"parent":114,"menu_order":6,"comment_status":"closed","ping_status":"closed","template":"","meta":{"footnotes":""},"class_list":["post-24","page","type-page","status-publish","hentry"],"_links":{"self":[{"href":"http:\/\/sv-marhorst.de\/index.php?rest_route=\/wp\/v2\/pages\/24","targetHints":{"allow":["GET"]}}],"collection":[{"href":"http:\/\/sv-marhorst.de\/index.php?rest_route=\/wp\/v2\/pages"}],"about":[{"href":"http:\/\/sv-marhorst.de\/index.php?rest_route=\/wp\/v2\/types\/page"}],"author":[{"embeddable":true,"href":"http:\/\/sv-marhorst.de\/index.php?rest_route=\/wp\/v2\/users\/1"}],"replies":[{"embeddable":true,"href":"http:\/\/sv-marhorst.de\/index.php?rest_route=%2Fwp%2Fv2%2Fcomments&post=24"}],"version-history":[{"count":8,"href":"http:\/\/sv-marhorst.de\/index.php?rest_route=\/wp\/v2\/pages\/24\/revisions"}],"predecessor-version":[{"id":4149,"href":"http:\/\/sv-marhorst.de\/index.php?rest_route=\/wp\/v2\/pages\/24\/revisions\/4149"}],"up":[{"embeddable":true,"href":"http:\/\/sv-marhorst.de\/index.php?rest_route=\/wp\/v2\/pages\/114"}],"wp:attachment":[{"href":"http:\/\/sv-marhorst.de\/index.php?rest_route=%2Fwp%2Fv2%2Fmedia&parent=24"}],"curies":[{"name":"wp","href":"https:\/\/api.w.org\/{rel}","templated":true}]}}