{"id":15,"date":"2015-10-25T15:09:56","date_gmt":"2015-10-25T15:09:56","guid":{"rendered":"http:\/\/www.sv-marhorst.de\/?page_id=15"},"modified":"2024-10-21T11:01:43","modified_gmt":"2024-10-21T10:01:43","slug":"damen","status":"publish","type":"page","link":"http:\/\/sv-marhorst.de\/?page_id=15","title":{"rendered":"Damen"},"content":{"rendered":"\n<figure class=\"wp-block-image size-large\"><img loading=\"lazy\" decoding=\"async\" width=\"768\" height=\"1024\" src=\"https:\/\/sv-marhorst.de\/wp-content\/uploads\/2023\/11\/zweite-damenfoto-768x1024.jpg\" alt=\"\" class=\"wp-image-3967\" srcset=\"http:\/\/sv-marhorst.de\/wp-content\/uploads\/2023\/11\/zweite-damenfoto-768x1024.jpg 768w, http:\/\/sv-marhorst.de\/wp-content\/uploads\/2023\/11\/zweite-damenfoto-225x300.jpg 225w, http:\/\/sv-marhorst.de\/wp-content\/uploads\/2023\/11\/zweite-damenfoto-1152x1536.jpg 1152w, http:\/\/sv-marhorst.de\/wp-content\/uploads\/2023\/11\/zweite-damenfoto-1x1.jpg 1w, http:\/\/sv-marhorst.de\/wp-content\/uploads\/2023\/11\/zweite-damenfoto.jpg 1536w\" sizes=\"auto, (max-width: 768px) 100vw, 768px\" \/><\/figure>\n\n\n<div style=\"text-align: center;\"><a href=\"http:\/\/sv-marhorst.de\/wp-content\/uploads\/2023\/11\/IMG-20231024-WA0002.jpg\"><img loading=\"lazy\" decoding=\"async\" class=\"aligncenter size-full wp-image-3968\" src=\"http:\/\/sv-marhorst.de\/wp-content\/uploads\/2023\/11\/IMG-20231024-WA0002.jpg\" alt=\"\" width=\"1024\" height=\"768\" srcset=\"http:\/\/sv-marhorst.de\/wp-content\/uploads\/2023\/11\/IMG-20231024-WA0002.jpg 1024w, http:\/\/sv-marhorst.de\/wp-content\/uploads\/2023\/11\/IMG-20231024-WA0002-300x225.jpg 300w, http:\/\/sv-marhorst.de\/wp-content\/uploads\/2023\/11\/IMG-20231024-WA0002-768x576.jpg 768w, http:\/\/sv-marhorst.de\/wp-content\/uploads\/2023\/11\/IMG-20231024-WA0002-1x1.jpg 1w\" sizes=\"auto, (max-width: 1024px) 100vw, 1024px\" \/><\/a><\/div>\n<div>\u00a0<\/div>\n<div style=\"text-align: center;\"><strong><strong><span style=\"font-size: 18px;\">Die Damen-Mannschaft der\u00a0SG M\u00f6rsen- Scharrendorf\/Marhorst<\/span><\/strong><\/strong>\n<p>\u00a0<\/p>\n<div><strong>vorne von links<\/strong><\/div>\n<div>Andrea Sino, Melli Mohammad, Lia Wehausen, Esther kim Winter, Tr. Jule Wilken, Co. Tr. Marah Kunze<\/div>\n<div>\u00a0<\/div>\n<div><strong>hinten von links<\/strong><\/div>\n<div>Leonie Meyer, Katrin Rustmann, Nalin Amo, Jenna Stuckenburg, Mariel Wendt, Janin Bruns, Alina Knappheide,<\/div>\n<div>Betr. Christin Stricker<\/div>\n<div>\u00a0<\/div>\n<div><strong>es fehlt<\/strong><\/div>\n<div>Hannah Meyer, Franziska Niegel, Anne Rathmann, Jaqueline Tabens, Vanessa Tr\u00fcperSauer<\/div>\n<\/div>\n<div>\u00a0<\/div>\n<div>\u00a0<\/div>\n<div><u><strong>Trainerin:<\/strong><\/u>\u00a0\n<p>\u00a0<\/p>\n<div>Jule Wilken<\/div>\n<div>0160\/93754810<\/div>\n<div><a title=\"mailto:Jule.1342@yahoo.de\" contenteditable=\"false\" href=\"mailto:Jule.1342@yahoo.de\">Jule.1342@yahoo.de<\/a><\/div>\n<\/div>\n<div>\u00a0<\/div>\n<div>\n<div>\u00a0<\/div>\n<div style=\"text-align: center;\"><strong>Trainingszeiten<\/strong><\/div>\n<div style=\"text-align: center;\">Montags 19:00 &#8211; 20:30 Uhr in M\u00f6rsen<\/div>\n<div style=\"text-align: center;\">Mittwochs 18:30 &#8211; 20:00 Uhr mit den B-M\u00e4dels in Marhorst<\/div>\n<\/div>\n<div style=\"padding-left: 80px;\">\u00a0<\/div>\n<div>\u00a0<\/div>\n<div>\u00a0<\/div>\n<div>\n<h1 class=\"title largetitle capitalizefirstletter\">Freundschaft auf dem Bolzplatz<\/h1>\n<h1 class=\"subtitle\">Warum Matilda Sch\u00fctte und Lucie Meyer f\u00fcr die JSG Twistringen-M\u00f6rsen-Marhorst und Werder Bremen spielen<img decoding=\"async\" src=\"https:\/\/www.e-pages.dk\/weserkurier\/175758\/assets\/380ee1d59750936fd6b401502a1e4bfb7387c1b9_max1024x.jpg\" alt=\"Bei der JSG \u2013 hier auf dem Sportplatz des SC Twistringen \u2013 trainieren die Sch\u00fclerinnen zusammen mit Jungs.\" \/><\/h1>\n<\/div>\n<div><a href=\"http:\/\/ep.weser-kurier.de\/weserkurier\/175758\/article\/2138038\/6\/2\/render\/?token=ce743b57858a3f0b99f718d6710fea84&amp;vl_app_id=com.newscope.epaper.wk&amp;vl_app_version=6.8.0&amp;vl_platform=android\">http:\/\/ep.weser-kurier.de\/weserkurier\/175758\/article\/2138038\/6\/2\/render\/?token=ce743b57858a3f0b99f718d6710fea84&amp;vl_app_id=com.newscope.epaper.wk&amp;vl_app_version=6.8.0&amp;vl_platform=android<\/a><\/div>\n<div>\u00a0<\/div>\n<h1><a href=\"http:\/\/sv-marhorst.de\/wp-content\/uploads\/2023\/06\/IMG_2723.jpg\"><img loading=\"lazy\" decoding=\"async\" class=\"aligncenter size-large wp-image-3945\" src=\"http:\/\/sv-marhorst.de\/wp-content\/uploads\/2023\/06\/IMG_2723-1024x614.jpg\" alt=\"\" width=\"654\" height=\"392\" srcset=\"http:\/\/sv-marhorst.de\/wp-content\/uploads\/2023\/06\/IMG_2723-1024x614.jpg 1024w, http:\/\/sv-marhorst.de\/wp-content\/uploads\/2023\/06\/IMG_2723-300x180.jpg 300w, http:\/\/sv-marhorst.de\/wp-content\/uploads\/2023\/06\/IMG_2723-768x460.jpg 768w, http:\/\/sv-marhorst.de\/wp-content\/uploads\/2023\/06\/IMG_2723-1536x921.jpg 1536w, http:\/\/sv-marhorst.de\/wp-content\/uploads\/2023\/06\/IMG_2723-2x1.jpg 2w, http:\/\/sv-marhorst.de\/wp-content\/uploads\/2023\/06\/IMG_2723.jpg 1885w\" sizes=\"auto, (max-width: 654px) 100vw, 654px\" \/><\/a><\/h1>\n<h1 style=\"text-align: center;\"><span style=\"color: #ff0000;\">WIR SUCHEN DICH!<\/span><\/h1>\n<p><a href=\"http:\/\/sv-marhorst.de\/wp-content\/uploads\/2023\/04\/SG_Moe-Sch-Ma_Frauen_202304183-scaled.jpg\"><img loading=\"lazy\" decoding=\"async\" class=\"aligncenter size-large wp-image-3928\" src=\"http:\/\/sv-marhorst.de\/wp-content\/uploads\/2023\/04\/SG_Moe-Sch-Ma_Frauen_202304183-791x1024.jpg\" alt=\"\" width=\"654\" height=\"847\" srcset=\"http:\/\/sv-marhorst.de\/wp-content\/uploads\/2023\/04\/SG_Moe-Sch-Ma_Frauen_202304183-791x1024.jpg 791w, http:\/\/sv-marhorst.de\/wp-content\/uploads\/2023\/04\/SG_Moe-Sch-Ma_Frauen_202304183-232x300.jpg 232w, http:\/\/sv-marhorst.de\/wp-content\/uploads\/2023\/04\/SG_Moe-Sch-Ma_Frauen_202304183-768x994.jpg 768w, http:\/\/sv-marhorst.de\/wp-content\/uploads\/2023\/04\/SG_Moe-Sch-Ma_Frauen_202304183-1187x1536.jpg 1187w, http:\/\/sv-marhorst.de\/wp-content\/uploads\/2023\/04\/SG_Moe-Sch-Ma_Frauen_202304183-1583x2048.jpg 1583w, http:\/\/sv-marhorst.de\/wp-content\/uploads\/2023\/04\/SG_Moe-Sch-Ma_Frauen_202304183-1x1.jpg 1w, http:\/\/sv-marhorst.de\/wp-content\/uploads\/2023\/04\/SG_Moe-Sch-Ma_Frauen_202304183-scaled.jpg 1978w\" sizes=\"auto, (max-width: 654px) 100vw, 654px\" \/><\/a><\/p>\n<div>\u00a0<\/div>\n<div>\u00a0<\/div>\n<div>\u00a0<\/div>\n<div>\u00a0<\/div>\n<div>\u00a0<\/div>\n<div>\n<div>\u00a0<\/div>\n<\/div>\n<div id=\"meinWettbewerb0\" align=\"center\"><a title=\"Zur Startseite von FUSSBALL.DE\" href=\"http:\/\/www.fussball.de\/\">Zur Startseite von FUSSBALL.DE<\/a> <script type=\"text\/javascript\"><br \/>\nvar wettbewerb0 = new fussballdeAPI();<br \/>\n\twettbewerb0.setzeSaison('1314');<br \/>\n\twettbewerb0.setzeWettbewerbID('010932');<br \/>\n\twettbewerb0.zeigeWettbewerb('meinWettbewerb0');<br \/>\n<\/script><\/div>\n\n\n<p><\/p>\n","protected":false},"excerpt":{"rendered":"<p>\u00a0 Die Damen-Mannschaft der\u00a0SG M\u00f6rsen- Scharrendorf\/Marhorst \u00a0 vorne von links Andrea Sino, Melli Mohammad, Lia Wehausen, Esther kim Winter, Tr. Jule Wilken, Co. Tr. Marah Kunze \u00a0 hinten von links [&hellip;]<\/p>\n","protected":false},"author":1,"featured_media":0,"parent":44,"menu_order":4,"comment_status":"closed","ping_status":"closed","template":"","meta":{"footnotes":""},"class_list":["post-15","page","type-page","status-publish","hentry"],"_links":{"self":[{"href":"http:\/\/sv-marhorst.de\/index.php?rest_route=\/wp\/v2\/pages\/15","targetHints":{"allow":["GET"]}}],"collection":[{"href":"http:\/\/sv-marhorst.de\/index.php?rest_route=\/wp\/v2\/pages"}],"about":[{"href":"http:\/\/sv-marhorst.de\/index.php?rest_route=\/wp\/v2\/types\/page"}],"author":[{"embeddable":true,"href":"http:\/\/sv-marhorst.de\/index.php?rest_route=\/wp\/v2\/users\/1"}],"replies":[{"embeddable":true,"href":"http:\/\/sv-marhorst.de\/index.php?rest_route=%2Fwp%2Fv2%2Fcomments&post=15"}],"version-history":[{"count":12,"href":"http:\/\/sv-marhorst.de\/index.php?rest_route=\/wp\/v2\/pages\/15\/revisions"}],"predecessor-version":[{"id":4027,"href":"http:\/\/sv-marhorst.de\/index.php?rest_route=\/wp\/v2\/pages\/15\/revisions\/4027"}],"up":[{"embeddable":true,"href":"http:\/\/sv-marhorst.de\/index.php?rest_route=\/wp\/v2\/pages\/44"}],"wp:attachment":[{"href":"http:\/\/sv-marhorst.de\/index.php?rest_route=%2Fwp%2Fv2%2Fmedia&parent=15"}],"curies":[{"name":"wp","href":"https:\/\/api.w.org\/{rel}","templated":true}]}}