{"id":14,"date":"2015-09-09T09:30:33","date_gmt":"2015-09-09T09:30:33","guid":{"rendered":"http:\/\/www.sv-marhorst.de\/?page_id=14"},"modified":"2023-04-21T10:38:26","modified_gmt":"2023-04-21T09:38:26","slug":"tennis","status":"publish","type":"page","link":"http:\/\/sv-marhorst.de\/?page_id=14","title":{"rendered":"Tennis"},"content":{"rendered":"\n<figure class=\"wp-block-image size-large\"><img loading=\"lazy\" decoding=\"async\" width=\"1024\" height=\"683\" src=\"http:\/\/sv-marhorst.de\/wp-content\/uploads\/2020\/05\/VD_Christian-Masurenko-1024x683.jpg\" alt=\"\" class=\"wp-image-3414\" srcset=\"http:\/\/sv-marhorst.de\/wp-content\/uploads\/2020\/05\/VD_Christian-Masurenko-1024x683.jpg 1024w, http:\/\/sv-marhorst.de\/wp-content\/uploads\/2020\/05\/VD_Christian-Masurenko-300x200.jpg 300w, http:\/\/sv-marhorst.de\/wp-content\/uploads\/2020\/05\/VD_Christian-Masurenko-768x512.jpg 768w, http:\/\/sv-marhorst.de\/wp-content\/uploads\/2020\/05\/VD_Christian-Masurenko-1536x1024.jpg 1536w, http:\/\/sv-marhorst.de\/wp-content\/uploads\/2020\/05\/VD_Christian-Masurenko-2048x1365.jpg 2048w, http:\/\/sv-marhorst.de\/wp-content\/uploads\/2020\/05\/VD_Christian-Masurenko-2x1.jpg 2w\" sizes=\"auto, (max-width: 1024px) 100vw, 1024px\" \/><figcaption class=\"wp-element-caption\"><strong>Aktiv Tennis beim SV Marhorst<\/strong><\/figcaption><\/figure>\n\n\n\n<p><u><strong>Spartenleiter<\/strong><\/u>:<\/p>\n\n\n\n<p>Christian Masurenko<\/p>\n\n\n\n<p>Mobil\/WhatsApp: 0173 5440912<\/p>\n\n\n\n<p>email:&nbsp;<a href=\"mailto:c.masurenko@ewe.net\">c.masurenko@ewe.net<\/a><\/p>\n\n\n\n<hr class=\"wp-block-separator has-css-opacity\"\/>\n\n\n\n<h2 class=\"wp-block-heading\"><a href=\"http:\/\/sv-marhorst.de\/wp-content\/uploads\/2020\/05\/Tennisplatzordnung.pdf\">Tennisplatzordnung<\/a><\/h2>\n\n\n\n<figure class=\"wp-block-image\"><img decoding=\"async\" src=\"https:\/\/www.tnb-tennis.de\/fileadmin\/sub-data\/TNB_Logos\/RZ_Logo_TNB_TennisverbNdsBrem_CMYK_NEU.jpg.pagespeed.ce.a_fllTgDdv.jpg\" alt=\"\"\/><\/figure>\n\n\n\n<p><strong>Schnuppertraining f\u00fcr alle Altersklasse, auch f\u00fcr unsere J\u00fcngsten! Kommt vorbei und macht mit.<\/strong><\/p>\n\n\n\n<p><strong>Unsere Trainerin Juliia ist auf der Anlage:<\/strong><\/p>\n\n\n\n<p><strong>Gruppentraining Sa 09:00-13:00<\/strong><\/p>\n\n\n\n<p><strong>Sie organisiert gerne ein Schnuppertraining mit Euch<\/strong><\/p>\n\n\n\n<p>Ein paar unserer Tennis Jugendlichen 2023<\/p>\n\n\n\n<figure class=\"wp-block-image size-large\"><img loading=\"lazy\" decoding=\"async\" width=\"1024\" height=\"768\" src=\"https:\/\/sv-marhorst.de\/wp-content\/uploads\/2023\/04\/Tenis-Jugendliche-2023-1024x768.jpg\" alt=\"\" class=\"wp-image-3937\" srcset=\"http:\/\/sv-marhorst.de\/wp-content\/uploads\/2023\/04\/Tenis-Jugendliche-2023-1024x768.jpg 1024w, http:\/\/sv-marhorst.de\/wp-content\/uploads\/2023\/04\/Tenis-Jugendliche-2023-300x225.jpg 300w, http:\/\/sv-marhorst.de\/wp-content\/uploads\/2023\/04\/Tenis-Jugendliche-2023-768x576.jpg 768w, http:\/\/sv-marhorst.de\/wp-content\/uploads\/2023\/04\/Tenis-Jugendliche-2023-1536x1152.jpg 1536w, http:\/\/sv-marhorst.de\/wp-content\/uploads\/2023\/04\/Tenis-Jugendliche-2023-2048x1536.jpg 2048w, http:\/\/sv-marhorst.de\/wp-content\/uploads\/2023\/04\/Tenis-Jugendliche-2023-1x1.jpg 1w\" sizes=\"auto, (max-width: 1024px) 100vw, 1024px\" \/><\/figure>\n\n\n\n<p>Oben von links: Tom Bauermeister, Johanna Schmedes, Dania Sch\u00fctte, Mathis Nietsche, Lina Sander, Jakob Sch\u00fctte<\/p>\n\n\n\n<p>Unten von links: Luisa Bavendiek, Lucie Meyer, Charlotte Schmedes, Jannes Franzl\u00fcning, Thorge Heins, Oscar Sch\u00fctte&nbsp;<\/p>\n\n\n\n<p><strong>Auf Anfrage k\u00f6nnen zus\u00e4tzlich Einzeltrainerstunden gebucht werden; dabei fallen Zusatzkosten pro Stunde an. Anfragen bitte an Christian Masurenko.<\/strong><\/p>\n\n\n\n<p>Aussenanlage des SV Marhorst<\/p>\n\n\n\n<figure class=\"wp-block-image alignnone size-large wp-image-3124\"><img loading=\"lazy\" decoding=\"async\" width=\"1024\" height=\"576\" src=\"http:\/\/sv-marhorst.de\/wp-content\/uploads\/2019\/07\/DJI_0368-1024x576.jpg\" alt=\"\" class=\"wp-image-3124\" srcset=\"http:\/\/sv-marhorst.de\/wp-content\/uploads\/2019\/07\/DJI_0368-1024x576.jpg 1024w, http:\/\/sv-marhorst.de\/wp-content\/uploads\/2019\/07\/DJI_0368-300x169.jpg 300w, http:\/\/sv-marhorst.de\/wp-content\/uploads\/2019\/07\/DJI_0368-768x432.jpg 768w, http:\/\/sv-marhorst.de\/wp-content\/uploads\/2019\/07\/DJI_0368-2x1.jpg 2w, http:\/\/sv-marhorst.de\/wp-content\/uploads\/2019\/07\/DJI_0368-700x394.jpg 700w\" sizes=\"auto, (max-width: 1024px) 100vw, 1024px\" \/><figcaption class=\"wp-element-caption\">SV M Tennisanlage<\/figcaption><\/figure>\n\n\n\n<figure class=\"wp-block-image alignnone size-large wp-image-3123\"><img loading=\"lazy\" decoding=\"async\" width=\"1024\" height=\"576\" src=\"http:\/\/sv-marhorst.de\/wp-content\/uploads\/2019\/07\/DJI_0365-1024x576.jpg\" alt=\"\" class=\"wp-image-3123\" srcset=\"http:\/\/sv-marhorst.de\/wp-content\/uploads\/2019\/07\/DJI_0365-1024x576.jpg 1024w, http:\/\/sv-marhorst.de\/wp-content\/uploads\/2019\/07\/DJI_0365-300x169.jpg 300w, http:\/\/sv-marhorst.de\/wp-content\/uploads\/2019\/07\/DJI_0365-768x432.jpg 768w, http:\/\/sv-marhorst.de\/wp-content\/uploads\/2019\/07\/DJI_0365-2x1.jpg 2w, http:\/\/sv-marhorst.de\/wp-content\/uploads\/2019\/07\/DJI_0365-700x394.jpg 700w\" sizes=\"auto, (max-width: 1024px) 100vw, 1024px\" \/><figcaption class=\"wp-element-caption\">SV Marhorst Tennispl\u00e4tze<\/figcaption><\/figure>\n\n\n\n<p><a href=\"http:\/\/www.sv-marhorst.de\/?page_id=114\">Jugend<\/a><\/p>\n\n\n\n<h1 class=\"wp-block-heading\"><strong><span style=\"font-size: 16px;\">Weitere Planung<\/span><\/strong><\/h1>\n\n\n\n<ul class=\"wp-block-list\">\n<li>Jugendliche sind herzlich willkommen zum Schnuppertraining mit Dennis &amp; Julia<\/li>\n<\/ul>\n\n\n\n<p>Bitte z\u00f6gert nicht, Eure eigenen Ideen und Vorschl\u00e4ge zu unserem Saisonbetrieb 2017\/2018&nbsp;einzubringen. Ihr k\u00f6nnt mich gerne jederzeit&nbsp;per e-mail <a href=\"mailto:chris@earth-explorer.de\">c<\/a><a href=\"mailto:c.masurenko@ewe.net\">.masurenko@ewe.net<\/a>&nbsp;erreichen.<\/p>\n\n\n\n<h2 class=\"wp-block-heading\">Winterhallenrunde <\/h2>\n\n\n\n<p>Trainingszeiten Tennishalle Ellenstedt\u00a0Samstagmorgen: hier demn\u00e4chst genauer.<\/p>\n\n\n\n<p>M\u00f6glichkeiten Hallenpl\u00e4tze zu buchen gibt es in Ellenstedt&nbsp;<a href=\"http:\/\/www.sport-center-ellenstedt.de\/index.html\">www.sport-center-ellenstedt.de\/index.html<\/a>&nbsp;oder&nbsp;<u>04444-2397<\/u><\/p>\n\n\n\n<figure class=\"wp-block-image\"><img decoding=\"async\" src=\"http:\/\/www.sport-center-ellenstedt.de\/mediapool\/106\/1060042\/resources\/26386661.JPG\" alt=\"\"\/><\/figure>\n\n\n\n<p>aber auch in BASSUM. Hier k\u00f6nnen auch Nicht-Mitglieder buchen \u00fcber <a href=\"http:\/\/www.tc-bassum.de\">www.tc-bassum.de<\/a>&nbsp;unter &#8222;<a href=\"https:\/\/www.bookandplay.de\/cgi-bin\/WebObjects\/BookAndPlay.woa\/wa\/platz_buchen?id=NTV-0900001986\">BookandPlay<\/a>&#8222;<\/p>\n\n\n\n<p><a href=\"http:\/\/www.sv-marhorst.de\/wp-content\/uploads\/2015\/09\/Tennishalle-in-Bassum.pdf\">Tennishalle in Bassum<\/a><\/p>\n\n\n\n<figure class=\"wp-block-image\"><img decoding=\"async\" src=\"http:\/\/www.tc-bassum.de\/ereignisse\/neujahr\/CIMG0304.jpg\" alt=\"\"\/><\/figure>\n\n\n\n<div>\n<p><span style=\"font-size: 14px;\"><u>Mitteilung Tennistraining-Beitrag<\/u><\/span><\/p>\n<\/div>\n\n\n\n<h1 class=\"wp-block-heading\">Beitragserh\u00f6hung Tennistraining<\/h1>\n\n\n\n<p>Liebe TennisspielerInnen,<\/p>\n\n\n\n<p>verglichen mit anderen Vereinen in der Region, ist unser Tennistraining durch Trainer Dennis ausgesprochen professionell und erfolgreich, w\u00e4hrend die Beitr\u00e4ge f\u00fcr das Training extrem niedrig sind. Leider decken unsere Beitr\u00e4ge die stetig gestiegenen Unkosten des Vereins im Bereich Tennis nur zu einem geringen Bruchteil.<\/p>\n\n\n\n<p>Sowohl das Training aufgrund der gestiegenen Anzahl von Trainingsgruppen, als auch die Hallenzeiten im Winter sind angestiegen, sodass wir uns gezwungen sehen, eine Beitragserh\u00f6hung vorzunehmen.<\/p>\n\n\n\n<p>Unser Ziel bleibt es weiterhin, Tennis attraktiv und erschwinglich zu gestalten. Deshalb halten wir die Erh\u00f6hung im Rahmen und weiterhin deutlich unter den Kosten anderer Vereine.<\/p>\n\n\n\n<p><strong>Das Training im Sommer<\/strong> auf der Au\u00dfenanlage des SV Marhorst wird nun mit <u><strong>40 \u20ac pro Perso<\/strong><\/u>n berechnet.<\/p>\n\n\n\n<p><strong>Das Training im Winter<\/strong> in der Tennishalle des Sportcenter Ellenstedt wird nun mit <u><strong>60 \u20ac pro Person<\/strong><\/u> berechnet werden.<\/p>\n\n\n\n<p>Damit kann der SV Marhorst weiterhin gew\u00e4hrleisten, dass Training und Winterhallenzeiten zur Verf\u00fcgung stehen und Tennis im SV Marhorst erhalten bleibt.<\/p>\n\n\n\n<p>Herzlichen Dank f\u00fcr Euer Verst\u00e4ndnis<\/p>\n\n\n\n<p>Christian Masurenko<\/p>\n\n\n\n<figure class=\"wp-block-image\"><img loading=\"lazy\" decoding=\"async\" width=\"2048\" height=\"1536\" src=\"http:\/\/sv-marhorst.de\/wp-content\/uploads\/2019\/07\/IMG_7305.jpg\" alt=\"\" class=\"wp-image-3181\" srcset=\"http:\/\/sv-marhorst.de\/wp-content\/uploads\/2019\/07\/IMG_7305.jpg 2048w, http:\/\/sv-marhorst.de\/wp-content\/uploads\/2019\/07\/IMG_7305-300x225.jpg 300w, http:\/\/sv-marhorst.de\/wp-content\/uploads\/2019\/07\/IMG_7305-768x576.jpg 768w, http:\/\/sv-marhorst.de\/wp-content\/uploads\/2019\/07\/IMG_7305-1024x768.jpg 1024w, http:\/\/sv-marhorst.de\/wp-content\/uploads\/2019\/07\/IMG_7305-1x1.jpg 1w\" sizes=\"auto, (max-width: 2048px) 100vw, 2048px\" \/><\/figure>\n\n\n\n<p><\/p>\n","protected":false},"excerpt":{"rendered":"<p>Spartenleiter: Christian Masurenko Mobil\/WhatsApp: 0173 5440912 email:&nbsp;c.masurenko@ewe.net Tennisplatzordnung Schnuppertraining f\u00fcr alle Altersklasse, auch f\u00fcr unsere J\u00fcngsten! Kommt vorbei und macht mit. Unsere Trainerin Juliia ist auf der Anlage: Gruppentraining Sa [&hellip;]<\/p>\n","protected":false},"author":1,"featured_media":0,"parent":0,"menu_order":6,"comment_status":"closed","ping_status":"closed","template":"","meta":{"footnotes":""},"class_list":["post-14","page","type-page","status-publish","hentry"],"_links":{"self":[{"href":"http:\/\/sv-marhorst.de\/index.php?rest_route=\/wp\/v2\/pages\/14","targetHints":{"allow":["GET"]}}],"collection":[{"href":"http:\/\/sv-marhorst.de\/index.php?rest_route=\/wp\/v2\/pages"}],"about":[{"href":"http:\/\/sv-marhorst.de\/index.php?rest_route=\/wp\/v2\/types\/page"}],"author":[{"embeddable":true,"href":"http:\/\/sv-marhorst.de\/index.php?rest_route=\/wp\/v2\/users\/1"}],"replies":[{"embeddable":true,"href":"http:\/\/sv-marhorst.de\/index.php?rest_route=%2Fwp%2Fv2%2Fcomments&post=14"}],"version-history":[{"count":16,"href":"http:\/\/sv-marhorst.de\/index.php?rest_route=\/wp\/v2\/pages\/14\/revisions"}],"predecessor-version":[{"id":3938,"href":"http:\/\/sv-marhorst.de\/index.php?rest_route=\/wp\/v2\/pages\/14\/revisions\/3938"}],"wp:attachment":[{"href":"http:\/\/sv-marhorst.de\/index.php?rest_route=%2Fwp%2Fv2%2Fmedia&parent=14"}],"curies":[{"name":"wp","href":"https:\/\/api.w.org\/{rel}","templated":true}]}}