{"id":13,"date":"2015-10-11T11:29:21","date_gmt":"2015-10-11T11:29:21","guid":{"rendered":"http:\/\/www.sv-marhorst.de\/?page_id=13"},"modified":"2024-04-08T12:36:19","modified_gmt":"2024-04-08T11:36:19","slug":"kampfsport","status":"publish","type":"page","link":"http:\/\/sv-marhorst.de\/?page_id=13","title":{"rendered":"Kampfsport"},"content":{"rendered":"<div id=\"cc-m-2396547617\">\n<h1 id=\"cc-m-header-2396547617\" style=\"text-align: center;\">Kampfkunst SV Marhorst<\/h1>\n<\/div>\n<div id=\"cc-m-2396873717\">\n<p style=\"text-align: center;\">&#8230;mehr als&nbsp;nur sportliche Bet\u00e4tigung!<\/p>\n<p style=\"text-align: center;\">\n<\/p><p style=\"text-align: center;\"><strong>Selbstverteidigung, Selbstbehauptung<\/strong><\/p>\n<p style=\"text-align: center;\"><strong>Konzentration, K\u00f6rperbeherrschung<\/strong><\/p>\n<p style=\"text-align: center;\"><strong>Philosophie<\/strong><\/p>\n<p style=\"text-align: center;\"><strong>Spiel, Sport&nbsp;und Spa\u00df<\/strong><\/p>\n<p style=\"text-align: center;\">\n<\/p><p style=\"text-align: center;\">Anf\u00e4nger k\u00f6nnen jederzeit ins Training einsteigen,<\/p>\n<p style=\"text-align: center;\">Probetraining&nbsp;kostenlos und ohne Verpflichtung<\/p>\n<\/div>\n<p style=\"text-align: center;\"><img loading=\"lazy\" decoding=\"async\" class=\"aligncenter size-medium wp-image-3808\" src=\"http:\/\/sv-marhorst.de\/wp-content\/uploads\/2022\/12\/Rosi-2-300x191.jpg\" alt=\"\" width=\"300\" height=\"191\" srcset=\"http:\/\/sv-marhorst.de\/wp-content\/uploads\/2022\/12\/Rosi-2-300x191.jpg 300w, http:\/\/sv-marhorst.de\/wp-content\/uploads\/2022\/12\/Rosi-2-1024x652.jpg 1024w, http:\/\/sv-marhorst.de\/wp-content\/uploads\/2022\/12\/Rosi-2-768x489.jpg 768w, http:\/\/sv-marhorst.de\/wp-content\/uploads\/2022\/12\/Rosi-2-2x1.jpg 2w, http:\/\/sv-marhorst.de\/wp-content\/uploads\/2022\/12\/Rosi-2.jpg 1149w\" sizes=\"auto, (max-width: 300px) 100vw, 300px\" \/><\/p>\n<h1 id=\"cc-m-header-1906048117\">Kontakt<\/h1>\n<p>Rosi Lindemann, Tel. 04243 &#8211; 602324, mobil 0175-8809000<\/p>\n<p><a href=\"mailto:rosikoeske01@aol.com\">rosi.lindemann01@aol.com<\/a><\/p>\n<p>Unser Dojo befindet sich in der Marienstr. 36<\/p>\n<p>in 27239 Twistringen OT Altenmarhorst,<\/p>\n<p>au\u00dferdem trainieren wir in der Sporthalle des Gymnasiums Twistringen<\/p>\n<h2>Neuer Kurs der Selbstverteidigung beim SV Marhorst<\/h2>\n<p><a href=\"http:\/\/sv-marhorst.de\/wp-content\/uploads\/2024\/04\/Selbstverteidigung-2024.jpeg\"><img loading=\"lazy\" decoding=\"async\" class=\"aligncenter size-large wp-image-3990\" src=\"http:\/\/sv-marhorst.de\/wp-content\/uploads\/2024\/04\/Selbstverteidigung-2024-736x1024.jpeg\" alt=\"\" width=\"654\" height=\"910\" srcset=\"http:\/\/sv-marhorst.de\/wp-content\/uploads\/2024\/04\/Selbstverteidigung-2024-736x1024.jpeg 736w, http:\/\/sv-marhorst.de\/wp-content\/uploads\/2024\/04\/Selbstverteidigung-2024-216x300.jpeg 216w, http:\/\/sv-marhorst.de\/wp-content\/uploads\/2024\/04\/Selbstverteidigung-2024-768x1069.jpeg 768w, http:\/\/sv-marhorst.de\/wp-content\/uploads\/2024\/04\/Selbstverteidigung-2024-1104x1536.jpeg 1104w, http:\/\/sv-marhorst.de\/wp-content\/uploads\/2024\/04\/Selbstverteidigung-2024-1472x2048.jpeg 1472w, http:\/\/sv-marhorst.de\/wp-content\/uploads\/2024\/04\/Selbstverteidigung-2024-1x1.jpeg 1w, http:\/\/sv-marhorst.de\/wp-content\/uploads\/2024\/04\/Selbstverteidigung-2024.jpeg 1725w\" sizes=\"auto, (max-width: 654px) 100vw, 654px\" \/><\/a><\/p>\n<p style=\"text-align: center;\">\n<\/p><p style=\"text-align: center;\">\n<\/p><p style=\"text-align: center;\"><\/p>\n\n\n<figure class=\"wp-block-image size-large\"><img loading=\"lazy\" decoding=\"async\" width=\"724\" height=\"1024\" src=\"http:\/\/sv-marhorst.de\/wp-content\/uploads\/2024\/04\/Kampfsport-2-724x1024.jpeg\" alt=\"\" class=\"wp-image-4003\" srcset=\"http:\/\/sv-marhorst.de\/wp-content\/uploads\/2024\/04\/Kampfsport-2-724x1024.jpeg 724w, http:\/\/sv-marhorst.de\/wp-content\/uploads\/2024\/04\/Kampfsport-2-212x300.jpeg 212w, http:\/\/sv-marhorst.de\/wp-content\/uploads\/2024\/04\/Kampfsport-2-768x1086.jpeg 768w, http:\/\/sv-marhorst.de\/wp-content\/uploads\/2024\/04\/Kampfsport-2-1086x1536.jpeg 1086w, http:\/\/sv-marhorst.de\/wp-content\/uploads\/2024\/04\/Kampfsport-2-1448x2048.jpeg 1448w, http:\/\/sv-marhorst.de\/wp-content\/uploads\/2024\/04\/Kampfsport-2-1x1.jpeg 1w, http:\/\/sv-marhorst.de\/wp-content\/uploads\/2024\/04\/Kampfsport-2-scaled.jpeg 1810w\" sizes=\"auto, (max-width: 724px) 100vw, 724px\" \/><\/figure>\n","protected":false},"excerpt":{"rendered":"<p>Kampfkunst SV Marhorst &#8230;mehr als&nbsp;nur sportliche Bet\u00e4tigung! Selbstverteidigung, Selbstbehauptung Konzentration, K\u00f6rperbeherrschung Philosophie Spiel, Sport&nbsp;und Spa\u00df Anf\u00e4nger k\u00f6nnen jederzeit ins Training einsteigen, Probetraining&nbsp;kostenlos und ohne Verpflichtung Kontakt Rosi Lindemann, Tel. 04243 [&hellip;]<\/p>\n","protected":false},"author":1,"featured_media":0,"parent":0,"menu_order":5,"comment_status":"closed","ping_status":"closed","template":"","meta":{"footnotes":""},"class_list":["post-13","page","type-page","status-publish","hentry"],"_links":{"self":[{"href":"http:\/\/sv-marhorst.de\/index.php?rest_route=\/wp\/v2\/pages\/13","targetHints":{"allow":["GET"]}}],"collection":[{"href":"http:\/\/sv-marhorst.de\/index.php?rest_route=\/wp\/v2\/pages"}],"about":[{"href":"http:\/\/sv-marhorst.de\/index.php?rest_route=\/wp\/v2\/types\/page"}],"author":[{"embeddable":true,"href":"http:\/\/sv-marhorst.de\/index.php?rest_route=\/wp\/v2\/users\/1"}],"replies":[{"embeddable":true,"href":"http:\/\/sv-marhorst.de\/index.php?rest_route=%2Fwp%2Fv2%2Fcomments&post=13"}],"version-history":[{"count":6,"href":"http:\/\/sv-marhorst.de\/index.php?rest_route=\/wp\/v2\/pages\/13\/revisions"}],"predecessor-version":[{"id":4005,"href":"http:\/\/sv-marhorst.de\/index.php?rest_route=\/wp\/v2\/pages\/13\/revisions\/4005"}],"wp:attachment":[{"href":"http:\/\/sv-marhorst.de\/index.php?rest_route=%2Fwp%2Fv2%2Fmedia&parent=13"}],"curies":[{"name":"wp","href":"https:\/\/api.w.org\/{rel}","templated":true}]}}