{"id":10,"date":"2012-03-02T17:43:57","date_gmt":"2012-03-02T17:43:57","guid":{"rendered":"http:\/\/www.sv-marhorst.de\/?page_id=4"},"modified":"2026-03-24T14:53:38","modified_gmt":"2026-03-24T13:53:38","slug":"beitrage","status":"publish","type":"page","link":"http:\/\/sv-marhorst.de\/?page_id=10","title":{"rendered":"Mitgliedsbeitr\u00e4ge"},"content":{"rendered":"\n<h2 class=\"wp-block-heading\">Beitragsordnung des SV Marhorst <\/h2>\n\n\n\n<p>g\u00fcltig ab 02.2026<\/p>\n\n\n\n<h3 class=\"wp-block-heading\">Vereinsgrundbetrag<\/h3>\n\n\n\n<figure class=\"wp-block-table\"><table class=\"has-fixed-layout\"><tbody><tr><td><\/td><td><strong>mtl.<\/strong><\/td><td><strong>halbj.<\/strong><\/td><\/tr><tr><td>Kinder\/Jugendliche<\/td><td>4,50\u20ac<\/td><td>27,00\u20ac<\/td><\/tr><tr><td>Erwachsene<\/td><td>9,00\u20ac<\/td><td>54,00\u20ac<\/td><\/tr><tr><td>Rentner \u00fcber 65j =halber Beitrag<sup>1<\/sup><\/td><td>4,50\u20ac<\/td><td>27,00\u20ac<\/td><\/tr><tr><td>Ehrenmitglieder<sup>3<\/sup> ab 65j = halber Beitrag<sup>1<\/sup><\/td><td>4,50\u20ac<\/td><td>27,00\u20ac<\/td><\/tr><tr><td>Studenten\/Sch\u00fcler\/Azubis\/Wehrpflichtige = halber Beitrag<sup>1<\/sup><\/td><td>4,50\u20ac<\/td><td>27,00\u20ac<\/td><\/tr><tr><td>F\u00f6rderndes\/Passives Mitglied = halber Beitrag<sup>1<\/sup><\/td><td>4,50\u20ac<\/td><td>27,00\u20ac<\/td><\/tr><tr><td>Familienbeitrag<sup>2<\/sup> inkl. aller Spartenbeitr\u00e4ge (au\u00dfer Tennistraining: Winter 60\u20ac\/Sommer 40\u20ac)<\/td><td>26,00\u20ac<\/td><td>156,00\u20ac<\/td><\/tr><\/tbody><\/table><\/figure>\n\n\n\n<h3 class=\"wp-block-heading\">Spartenbeitr\u00e4ge<\/h3>\n\n\n\n<figure class=\"wp-block-table\"><table class=\"has-fixed-layout\"><tbody><tr><td><strong>Sparte<\/strong><\/td><td><strong>Erwachsener<\/strong><\/td><td><\/td><td><strong>Kinder\/Jugendlicher, Rentner, Ehrenmitglieder, Studenten etc., passives Mitglied<\/strong><\/td><td><\/td><\/tr><tr><td><\/td><td>mtl. <\/td><td>halbj.<\/td><td>mtl.<\/td><td>halbj.<\/td><\/tr><tr><td><strong>Fu\u00dfball<\/strong><\/td><td>3,60\u20ac<\/td><td>21,60\u20ac<\/td><td>2,00\u20ac<\/td><td>12,00\u20ac<\/td><\/tr><tr><td><strong>Tennis<\/strong><\/td><td>5,60\u20ac<\/td><td>33,60\u20ac<\/td><td>3,00\u20ac<\/td><td>18,00\u20ac<\/td><\/tr><tr><td><strong>Gymnastik<\/strong><br>&#8211; Kinderturnen<br>&#8211; Eltern-Kind-Turnen<sup>4<\/sup><\/td><td>1,30\u20ac<\/td><td>7,80\u20ac<\/td><td>0,65\u20ac<\/td><td>3,90\u20ac<\/td><\/tr><tr><td><strong>Jiu Juitsu<\/strong><\/td><td>1,90\u20ac<\/td><td>11,40\u20ac<\/td><td>1,00\u20ac<\/td><td>6,00\u20ac<\/td><\/tr><\/tbody><\/table><\/figure>\n\n\n\n<h3 class=\"wp-block-heading\">Hinweise:<\/h3>\n\n\n\n<p><sup>1<\/sup> halber Beitrag vom Grundbeitrag und den jeweiligen Spartenbeitr\u00e4gen<br><sup>2<\/sup> Familienbeitrag nur gu\u0308ltig auf gesonderten Antrag ab 3 Personen eines Haushaltes mit minderj\u00e4hrigen Kindern<br><sup>3<\/sup> Ehrenmitglieder: 60 Jahre vollendet und bis dahin 25 Jahre im Verein<br><sup>4<\/sup> Beim Eltern-Kind-Turnen treten ab M\u00e4rz 2023 Elternteil und Kind jeweils ein. (Vereinsgrundbeitrag + Sparte Gym = Eltern-Kind-Turnen)<br><sup>5<\/sup> Schiedsrichter sind seit 02.02.24 beitragsfrei<\/p>\n\n\n\n<p>Zus\u00e4tzliche Kursgebu\u0308hren bei Sonderkursen:<br>~10x Kindertanzen (NMG 30\u20ac, MG 0,-)<br>~8x BALLance (NMG 50\u20ac, MG 15\u20ac)<br>~12er Karte Yoga ab 01.09.24 (NMG 100\u20ac\/MG50\u20ac)<\/p>\n\n\n<p><!--[endif]----><\/p>\n<p class=\"MsoNormal\" style=\"margin-bottom: 0.0001pt; line-height: normal;\">\u00a0<\/p>\n<hr \/>\n<p><b>Baby-Turnen: \u00a0 \u00a0 \u00a0 \u00a0 \u00a0 \u00a0 \u00a0 \u00a0 \u00a0 \u00a0 \u00a0 \u00a0 \u00a0 10er Karte \u00a0 \u00a0 \u00a0 \u00a0 \u00a0 \u00a0 \u00a0 \u00a0 \u00a0 50\u20ac<\/b><\/p>\n<p><b>Bitte \u00fcberweist den Betrag f\u00fcr Baby-Turnen vor dem Besuch und bringt den \u00dcberweisungstr\u00e4ger oder die Online \u00dcberweisung zum Baby-Turnen mit. Ihr erhaltet dann die 10er Karte<\/b><\/p>\n<p><b>Kreissparkasse Syke<\/b><\/p>\n<p><b>Konto: \u00a0 DE35 2915 1700 1350 0005 74<\/b><\/p>\n<p><b>Verwendungszweck: Baby-Turnen 10er Karte<\/b><\/p>\n<hr \/>\n<p class=\"MsoNormal\"><span style=\"font-size: 18px;\"><span style=\"font-family: arial,helvetica,sans-serif;\"><strong><span style=\"line-height: 115%; color: black;\">AUFNAHMEANTRAG SV Marhorst e.V.<\/span><\/strong><\/span><\/span><\/p>\n<p class=\"MsoNormal\"><span style=\"color: #000000; font-family: arial, helvetica, sans-serif; font-size: large;\">Antr\u00e4ge k\u00f6nnen ausgef\u00fcllt und unterschrieben\u00a0per email an unseren 1. Vorsitzenden Peter Tegeler <\/span><span style=\"font-size: 16px;\"><a href=\"mailto:peter.tegeler@gmx.de\">peter.tegeler@gmx.de<\/a><\/span>\u00a0<span style=\"color: #000000; font-family: arial, helvetica, sans-serif; font-size: large;\">gesendet werden.<\/span><\/p>\n<figure class=\"wp-block-wphackers-qr\"><\/figure>\n<p><!-- \/wp:post-content --><\/p>\n<p>Hier k\u00f6nnt Ihr den Aufnahmeantrag per Klick auf den Link unten:<\/p>\n<p><!-- wp:wphackers\/qr {\"lock\":{\"move\":true,\"remove\":true}} --><\/p>\n<figure class=\"wp-block-wphackers-qr\"><\/figure>\n<p><!-- \/wp:wphackers\/qr --><\/p>\n\n<!-- wp:file {\"id\":4159,\"href\":\"http:\/\/sv-marhorst.de\/wp-content\/uploads\/2026\/03\/20260324-Aufnahmeantrag_2026_Sportverein_Marhorst-v018.pdf\",\"displayPreview\":false} -->\n<div class=\"wp-block-file\"><a id=\"wp-block-file--media-5bc90e56-8fc7-4b54-92b9-552697f97bd8\" href=\"http:\/\/sv-marhorst.de\/wp-content\/uploads\/2026\/03\/20260324-Aufnahmeantrag_2026_Sportverein_Marhorst-v018.pdf\">Aufnahmeantrag 2026<\/a><a href=\"http:\/\/sv-marhorst.de\/wp-content\/uploads\/2026\/03\/20260324-Aufnahmeantrag_2026_Sportverein_Marhorst-v018.pdf\" class=\"wp-block-file__button wp-element-button\" download aria-describedby=\"wp-block-file--media-5bc90e56-8fc7-4b54-92b9-552697f97bd8\">Herunterladen<\/a><\/div>\n<!-- \/wp:file -->","protected":false},"excerpt":{"rendered":"<p>Beitragsordnung des SV Marhorst g\u00fcltig ab 02.2026 Vereinsgrundbetrag mtl. halbj. Kinder\/Jugendliche 4,50\u20ac 27,00\u20ac Erwachsene 9,00\u20ac 54,00\u20ac Rentner \u00fcber 65j =halber Beitrag1 4,50\u20ac 27,00\u20ac Ehrenmitglieder3 ab 65j = halber Beitrag1 4,50\u20ac [&hellip;]<\/p>\n","protected":false},"author":1,"featured_media":0,"parent":0,"menu_order":2,"comment_status":"closed","ping_status":"closed","template":"","meta":{"footnotes":""},"class_list":["post-10","page","type-page","status-publish","hentry"],"_links":{"self":[{"href":"http:\/\/sv-marhorst.de\/index.php?rest_route=\/wp\/v2\/pages\/10","targetHints":{"allow":["GET"]}}],"collection":[{"href":"http:\/\/sv-marhorst.de\/index.php?rest_route=\/wp\/v2\/pages"}],"about":[{"href":"http:\/\/sv-marhorst.de\/index.php?rest_route=\/wp\/v2\/types\/page"}],"author":[{"embeddable":true,"href":"http:\/\/sv-marhorst.de\/index.php?rest_route=\/wp\/v2\/users\/1"}],"replies":[{"embeddable":true,"href":"http:\/\/sv-marhorst.de\/index.php?rest_route=%2Fwp%2Fv2%2Fcomments&post=10"}],"version-history":[{"count":17,"href":"http:\/\/sv-marhorst.de\/index.php?rest_route=\/wp\/v2\/pages\/10\/revisions"}],"predecessor-version":[{"id":4160,"href":"http:\/\/sv-marhorst.de\/index.php?rest_route=\/wp\/v2\/pages\/10\/revisions\/4160"}],"wp:attachment":[{"href":"http:\/\/sv-marhorst.de\/index.php?rest_route=%2Fwp%2Fv2%2Fmedia&parent=10"}],"curies":[{"name":"wp","href":"https:\/\/api.w.org\/{rel}","templated":true}]}}